{"id":3321797,"date":"2024-12-10T13:45:26","date_gmt":"2024-12-10T12:45:26","guid":{"rendered":"https:\/\/antikmassan.se\/for-visitors\/discover-antikmassan\/chair-collection\/"},"modified":"2025-08-06T15:35:29","modified_gmt":"2025-08-06T13:35:29","slug":"chair-collection","status":"publish","type":"page","link":"https:\/\/antikmassan.se\/en\/for-visitors\/discover-nya-antikmassan\/chair-collection\/","title":{"rendered":"Chair collection"},"content":{"rendered":"<p>[et_pb_section fb_built=&#8221;1&#8243; _builder_version=&#8221;4.27.4&#8243; _module_preset=&#8221;dcffbe7c-d829-4b92-9e28-730b66b1c6df&#8221; background_enable_color=&#8221;off&#8221; background_color_gradient_stops=&#8221;rgba(0,0,0,0) 30%|rgba(0,0,0,0.9) 100%&#8221; background_image=&#8221;https:\/\/antikmassan.se\/wp-content\/uploads\/2024\/12\/Stolar-och-fotter-Johan-1920-x1280-.jpg&#8221; background_blend=&#8221;difference&#8221; global_colors_info=&#8221;{}&#8221;][et_pb_row _builder_version=&#8221;4.27.0&#8243; _module_preset=&#8221;b47dc7b0-0c21-48f4-9be5-365125495c37&#8243; parallax=&#8221;on&#8221; locked=&#8221;off&#8221; global_colors_info=&#8221;{}&#8221;][et_pb_column type=&#8221;4_4&#8243; _builder_version=&#8221;4.24.0&#8243; _module_preset=&#8221;default&#8221; global_colors_info=&#8221;{}&#8221;][et_pb_cta title=&#8221;Caf\u00e9 Sm\u00e5land &#8211; Johan&apos;s chairs&#8221; button_url=&#8221;http:\/\/3&#8243; _builder_version=&#8221;4.27.4&#8243; _module_preset=&#8221;0d7ddc9b-5fad-41ce-bbc3-1fa8c8b01c36&#8243; hover_enabled=&#8221;0&#8243; global_colors_info=&#8221;{%22gcid-m0fraqv3-qztm-9290-df11-7p07yu2mtcg6%22:%91%22header_text_color%22,%22button_bg_color%22,%22button_border_color%22,%22button_text_color%22,%22header_text_color%22,%22button_bg_color%22,%22button_border_color%22,%22button_text_color%22,%22header_text_color%22,%22button_bg_color%22,%22button_border_color%22,%22button_text_color%22,%22header_text_color%22,%22button_bg_color%22,%22button_border_color%22,%22button_text_color%22,%22header_text_color%22,%22button_bg_color%22,%22button_text_color%22,%22header_text_color%22,%22button_bg_color%22,%22button_text_color%22,%22header_text_color%22,%22button_bg_color%22,%22button_text_color%22,%22header_text_color%22,%22button_bg_color%22,%22button_text_color%22,%22header_text_color%22,%22button_bg_color%22,%22button_text_color%22,%22header_text_color%22,%22button_bg_color%22,%22button_text_color%22,%22button_bg_color%22,%22button_text_color%22%93,%22gcid-8ctl9olw-qzl0-39sh-h9m4-2r68cuzkve1q%22:%91%22button_bg_color%22,%22button_border_color%22,%22button_bg_color%22,%22button_border_color%22,%22button_bg_color%22,%22button_border_color%22,%22button_bg_color%22,%22button_border_color%22%93,%22gcid-zqmeyyr1-ozjs-tdol-t9th-kdmdqxufunhr%22:%91%22button_border_color%22,%22button_bg_color%22,%22button_border_color%22,%22button_bg_color%22,%22button_border_color%22,%22button_bg_color%22,%22button_border_color%22,%22button_bg_color%22,%22button_bg_color%22%93,%22gcid-xe7ua1bg-8o1q-uq3m-f8ql-qk12tgltkuk4%22:%91%22button_border_color__hover%22,%22button_bg_color__hover%22%93}&#8221; body_font_size=&#8221;28px&#8221; sticky_enabled=&#8221;0&#8243;]<\/p>\n<p>Sweden&#8217;s largest chair collection<\/p>\n<p>[\/et_pb_cta][\/et_pb_column][\/et_pb_row][\/et_pb_section][et_pb_section fb_built=&#8221;1&#8243; _builder_version=&#8221;4.27.0&#8243; _module_preset=&#8221;6d986430-8254-410d-9421-a6022320eab5&#8243; background_color=&#8221;#FFFFFF&#8221; custom_padding=&#8221;54px||50px||false|false&#8221; global_colors_info=&#8221;{%22gcid-zqmeyyr1-ozjs-tdol-t9th-kdmdqxufunhr%22:%91%22border_color_right%22,%22border_color_right%22,%22border_color_right%22,%22border_color_right%22%93}&#8221;][et_pb_row column_structure=&#8221;1_2,1_2&#8243; _builder_version=&#8221;4.27.0&#8243; _module_preset=&#8221;default&#8221; custom_padding=&#8221;||50px||false|false&#8221; global_colors_info=&#8221;{}&#8221;][et_pb_column type=&#8221;1_2&#8243; _builder_version=&#8221;4.27.0&#8243; _module_preset=&#8221;default&#8221; global_colors_info=&#8221;{}&#8221;][et_pb_text _builder_version=&#8221;4.27.4&#8243; _module_preset=&#8221;default&#8221; global_colors_info=&#8221;{}&#8221;]<\/p>\n<p>At the Antiques Fair 2025, furniture entrepreneur Johan Sj\u00f6berg presents a unique exhibition where design history meets sustainability. Johan, a well-known profile in the furniture world, brings parts of his incredible collection of over 2,000 pieces of furniture from Sm\u00e5land from the 20th century. <\/p>\n<p>The exhibition will include around 250 chairs placed in Caf\u00e9 Sm\u00e5land, where visitors can sit down and enjoy coffee in this historic design furniture. The chairs range from iconic pieces from 1950s Ikea to early 2000s K\u00e4llemo, giving a broad insight into Swedish furniture history. <\/p>\n<p>Sales are also part of the experience &#8211; <strong>many of the chairs are available for up to SEK 1,000<\/strong>, while other, more exclusive pieces highlight the unique craft traditions of Sm\u00e5land. A particular highlight is Johan Sj\u00f6berg&#8217;s personal favorite, the B\u00e5gen chair from N\u00e4ssj\u00f6, which features prominently in the exhibition. <\/p>\n<p>&#8211; Reuse is right on time, and the best chairs never need to be discarded. I look forward to sharing these stories and inspiring visitors to make the most of our design history,&#8221; says Johan Sj\u00f6berg. <\/p>\n<p>Don&#8217;t miss this chance to combine coffee and design in an exhibition that celebrates Swedish furniture tradition and sustainability!<\/p>\n<p>[\/et_pb_text][\/et_pb_column][et_pb_column type=&#8221;1_2&#8243; _builder_version=&#8221;4.27.0&#8243; _module_preset=&#8221;default&#8221; global_colors_info=&#8221;{}&#8221;][et_pb_image src=&#8221;https:\/\/antikmassan.se\/wp-content\/uploads\/2024\/12\/Johan-Sjoberg-med-stol-700-x-900.jpg&#8221; title_text=&#8221;Johan Sj\u00f6berg with chair 700 x 900&#8243; _builder_version=&#8221;4.27.4&#8243; _module_preset=&#8221;default&#8221; global_colors_info=&#8221;{}&#8221;][\/et_pb_image][et_pb_text _builder_version=&#8221;4.27.4&#8243; _module_preset=&#8221;default&#8221; global_colors_info=&#8221;{}&#8221;][\/et_pb_text][\/et_pb_column][\/et_pb_row][\/et_pb_section]<\/p>\n","protected":false},"excerpt":{"rendered":"<p>Sweden&#8217;s largest chair collectionAt the Antiques Fair 2025, furniture entrepreneur Johan Sj\u00f6berg presents a unique exhibition where design history meets sustainability. Johan, a well-known profile in the furniture world, brings [&hellip;]<\/p>\n","protected":false},"author":23,"featured_media":3321724,"parent":3321766,"menu_order":0,"comment_status":"closed","ping_status":"closed","template":"","meta":{"_et_pb_use_builder":"on","_et_pb_old_content":"","_et_gb_content_width":"","footnotes":""},"hf_cat_page":[],"class_list":["post-3321797","page","type-page","status-publish","has-post-thumbnail","hentry"],"_links":{"self":[{"href":"https:\/\/antikmassan.se\/en\/wp-json\/wp\/v2\/pages\/3321797","targetHints":{"allow":["GET"]}}],"collection":[{"href":"https:\/\/antikmassan.se\/en\/wp-json\/wp\/v2\/pages"}],"about":[{"href":"https:\/\/antikmassan.se\/en\/wp-json\/wp\/v2\/types\/page"}],"author":[{"embeddable":true,"href":"https:\/\/antikmassan.se\/en\/wp-json\/wp\/v2\/users\/23"}],"replies":[{"embeddable":true,"href":"https:\/\/antikmassan.se\/en\/wp-json\/wp\/v2\/comments?post=3321797"}],"version-history":[{"count":3,"href":"https:\/\/antikmassan.se\/en\/wp-json\/wp\/v2\/pages\/3321797\/revisions"}],"predecessor-version":[{"id":3325040,"href":"https:\/\/antikmassan.se\/en\/wp-json\/wp\/v2\/pages\/3321797\/revisions\/3325040"}],"up":[{"embeddable":true,"href":"https:\/\/antikmassan.se\/en\/wp-json\/wp\/v2\/pages\/3321766"}],"wp:featuredmedia":[{"embeddable":true,"href":"https:\/\/antikmassan.se\/en\/wp-json\/wp\/v2\/media\/3321724"}],"wp:attachment":[{"href":"https:\/\/antikmassan.se\/en\/wp-json\/wp\/v2\/media?parent=3321797"}],"wp:term":[{"taxonomy":"hf_cat_page","embeddable":true,"href":"https:\/\/antikmassan.se\/en\/wp-json\/wp\/v2\/hf_cat_page?post=3321797"}],"curies":[{"name":"wp","href":"https:\/\/api.w.org\/{rel}","templated":true}]}}